{"id":8,"date":"2017-10-14T16:56:35","date_gmt":"2017-10-14T14:56:35","guid":{"rendered":"http:\/\/koszykarski.pl\/?page_id=8"},"modified":"2017-10-14T16:56:35","modified_gmt":"2017-10-14T14:56:35","slug":"o-nas","status":"publish","type":"page","link":"http:\/\/koszykarski.pl\/?page_id=8","title":{"rendered":"O nas"},"content":{"rendered":"<p>Mo\u017cesz by\u0107 artyst\u0105, kt\u00f3ry chcia\u0142by przedstawi\u0107 siebie i swoj\u0105 prac\u0119, a mo\u017ce to strona firmowa, a sama firma ma misj\u0119 do opisania.<\/p>\n","protected":false},"excerpt":{"rendered":"<p>Mo\u017cesz by\u0107 artyst\u0105, kt\u00f3ry chcia\u0142by przedstawi\u0107 siebie i swoj\u0105 prac\u0119, a mo\u017ce to strona firmowa, a sama firma ma misj\u0119 do opisania.<\/p>\n","protected":false},"author":1,"featured_media":5,"parent":0,"menu_order":0,"comment_status":"closed","ping_status":"closed","template":"","meta":[],"_links":{"self":[{"href":"http:\/\/koszykarski.pl\/index.php?rest_route=\/wp\/v2\/pages\/8"}],"collection":[{"href":"http:\/\/koszykarski.pl\/index.php?rest_route=\/wp\/v2\/pages"}],"about":[{"href":"http:\/\/koszykarski.pl\/index.php?rest_route=\/wp\/v2\/types\/page"}],"author":[{"embeddable":true,"href":"http:\/\/koszykarski.pl\/index.php?rest_route=\/wp\/v2\/users\/1"}],"replies":[{"embeddable":true,"href":"http:\/\/koszykarski.pl\/index.php?rest_route=%2Fwp%2Fv2%2Fcomments&post=8"}],"version-history":[{"count":1,"href":"http:\/\/koszykarski.pl\/index.php?rest_route=\/wp\/v2\/pages\/8\/revisions"}],"predecessor-version":[{"id":14,"href":"http:\/\/koszykarski.pl\/index.php?rest_route=\/wp\/v2\/pages\/8\/revisions\/14"}],"wp:featuredmedia":[{"embeddable":true,"href":"http:\/\/koszykarski.pl\/index.php?rest_route=\/wp\/v2\/media\/5"}],"wp:attachment":[{"href":"http:\/\/koszykarski.pl\/index.php?rest_route=%2Fwp%2Fv2%2Fmedia&parent=8"}],"curies":[{"name":"wp","href":"https:\/\/api.w.org\/{rel}","templated":true}]}}