{"id":9,"date":"2017-10-14T16:56:35","date_gmt":"2017-10-14T14:56:35","guid":{"rendered":"http:\/\/koszykarski.pl\/?page_id=9"},"modified":"2017-10-14T16:56:35","modified_gmt":"2017-10-14T14:56:35","slug":"kontakt","status":"publish","type":"page","link":"http:\/\/koszykarski.pl\/?page_id=9","title":{"rendered":"Kontakt"},"content":{"rendered":"<p>Strona z podstawowymi informacjami kontaktowymi, takimi jak adres, numer telefonu. Mo\u017cna tak\u017ce spr\u00f3bowa\u0107 wtyczki, za pomoc\u0105 kt\u00f3rej dodamy formularz kontaktowy.<\/p>\n","protected":false},"excerpt":{"rendered":"<p>Strona z podstawowymi informacjami kontaktowymi, takimi jak adres, numer telefonu. Mo\u017cna tak\u017ce spr\u00f3bowa\u0107 wtyczki, za pomoc\u0105 kt\u00f3rej dodamy formularz kontaktowy.<\/p>\n","protected":false},"author":1,"featured_media":4,"parent":0,"menu_order":0,"comment_status":"closed","ping_status":"closed","template":"","meta":[],"_links":{"self":[{"href":"http:\/\/koszykarski.pl\/index.php?rest_route=\/wp\/v2\/pages\/9"}],"collection":[{"href":"http:\/\/koszykarski.pl\/index.php?rest_route=\/wp\/v2\/pages"}],"about":[{"href":"http:\/\/koszykarski.pl\/index.php?rest_route=\/wp\/v2\/types\/page"}],"author":[{"embeddable":true,"href":"http:\/\/koszykarski.pl\/index.php?rest_route=\/wp\/v2\/users\/1"}],"replies":[{"embeddable":true,"href":"http:\/\/koszykarski.pl\/index.php?rest_route=%2Fwp%2Fv2%2Fcomments&post=9"}],"version-history":[{"count":1,"href":"http:\/\/koszykarski.pl\/index.php?rest_route=\/wp\/v2\/pages\/9\/revisions"}],"predecessor-version":[{"id":15,"href":"http:\/\/koszykarski.pl\/index.php?rest_route=\/wp\/v2\/pages\/9\/revisions\/15"}],"wp:featuredmedia":[{"embeddable":true,"href":"http:\/\/koszykarski.pl\/index.php?rest_route=\/wp\/v2\/media\/4"}],"wp:attachment":[{"href":"http:\/\/koszykarski.pl\/index.php?rest_route=%2Fwp%2Fv2%2Fmedia&parent=9"}],"curies":[{"name":"wp","href":"https:\/\/api.w.org\/{rel}","templated":true}]}}